{"id":13,"date":"2024-02-27T17:46:32","date_gmt":"2024-02-27T17:46:32","guid":{"rendered":"https:\/\/globalvendor.com.mx\/?page_id=13"},"modified":"2024-02-27T17:46:32","modified_gmt":"2024-02-27T17:46:32","slug":"careers","status":"publish","type":"page","link":"https:\/\/globalvendor.com.mx\/?page_id=13","title":{"rendered":"CAREERS"},"content":{"rendered":"\n<p><\/p>\n\n\n\n<p>One of the most important constituents of our success is great people. We are dedicated to attracting and retaining extraordinary contributions.<\/p>\n\n\n\n<p>GLOBAL VENDOR LTD offers an excellent benefits program to our employees, which includes medical, dental, and life insurance, a retirement plan, tuition reimbursement opportunities for continuing education, and paid vacations. Full details are available from our personnel department<\/p>\n\n\n\n<p><strong>\u804c\u4e1a\u751f\u6daf<\/strong><strong><\/strong><\/p>\n\n\n\n<p><strong>\u6211<\/strong><strong>\u4eec\u6210\u529f\u7684\u6700\u91cd\u8981\u56e0\u7d20\u4e4b\u4e00\u662f\u4f18\u79c0\u7684\u4eba\u624d\u3002<\/strong><strong> <\/strong><strong>\u6211<\/strong><strong>\u4eec\u81f4\u529b\u4e8e\u5438\u5f15\u548c\u7559\u4f4f\u975e\u51e1\u7684\u8d21\u732e\u3002<\/strong><strong><\/strong><\/p>\n\n\n\n<p><strong>GLOBAL VENDOR LTD <\/strong><strong>\u4e3a\u6211\u4eec\u7684\u5458\u5de5\u63d0\u4f9b\u5353\u8d8a\u7684\u798f\u5229\u8ba1\u5212\uff0c\u5176\u4e2d\u5305\u62ec\u533b\u7597\u3001\u7259\u79d1\u548c\u4eba\u5bff\u4fdd\u9669\u3001\u9000\u4f11\u8ba1\u5212\u3001\u7ee7\u7eed\u6559\u80b2\u7684\u5b66\u8d39\u62a5\u9500\u673a\u4f1a\u548c\u5e26\u85aa\u4f11\u5047\u3002<\/strong><strong> <\/strong><strong>\u8be6\u7ec6\u4fe1\u606f\u53ef\u4ece\u6211\u4eec\u7684\u4eba\u4e8b\u90e8\u95e8\u83b7\u5f97<\/strong><\/p>\n\n\n\n<p>KARRIERE<\/p>\n\n\n\n<p>Einer der wichtigsten Bestandteile unseres Erfolgs sind gro\u00dfartige Menschen. Wir sind bestrebt, au\u00dfergew\u00f6hnliche Beitr\u00e4ge zu gewinnen und zu halten.<\/p>\n\n\n\n<p>GLOBAL VENDOR LTD bietet unseren Mitarbeitern ein hervorragendes Leistungsprogramm, das Kranken-, Zahn- und Lebensversicherungen, einen Ruhestandsplan, M\u00f6glichkeiten zur Erstattung von Studiengeb\u00fchren f\u00fcr Weiterbildung und bezahlten Urlaub umfasst. Ausf\u00fchrliche Informationen erhalten Sie von unserer Personalabteilung<\/p>\n","protected":false},"excerpt":{"rendered":"<p>One of the most important constituents of our success is great people. We are dedicated to attracting and retaining extraordinary contributions. GLOBAL VENDOR LTD offers an excellent benefits program to our employees, which includes medical, dental, and life insurance, a retirement plan, tuition reimbursement opportunities for continuing education, and paid vacations. Full details are available [&hellip;]<\/p>\n","protected":false},"author":1,"featured_media":0,"parent":0,"menu_order":0,"comment_status":"closed","ping_status":"closed","template":"","meta":{"footnotes":""},"class_list":["post-13","page","type-page","status-publish","hentry"],"_links":{"self":[{"href":"https:\/\/globalvendor.com.mx\/index.php?rest_route=\/wp\/v2\/pages\/13","targetHints":{"allow":["GET"]}}],"collection":[{"href":"https:\/\/globalvendor.com.mx\/index.php?rest_route=\/wp\/v2\/pages"}],"about":[{"href":"https:\/\/globalvendor.com.mx\/index.php?rest_route=\/wp\/v2\/types\/page"}],"author":[{"embeddable":true,"href":"https:\/\/globalvendor.com.mx\/index.php?rest_route=\/wp\/v2\/users\/1"}],"replies":[{"embeddable":true,"href":"https:\/\/globalvendor.com.mx\/index.php?rest_route=%2Fwp%2Fv2%2Fcomments&post=13"}],"version-history":[{"count":1,"href":"https:\/\/globalvendor.com.mx\/index.php?rest_route=\/wp\/v2\/pages\/13\/revisions"}],"predecessor-version":[{"id":14,"href":"https:\/\/globalvendor.com.mx\/index.php?rest_route=\/wp\/v2\/pages\/13\/revisions\/14"}],"wp:attachment":[{"href":"https:\/\/globalvendor.com.mx\/index.php?rest_route=%2Fwp%2Fv2%2Fmedia&parent=13"}],"curies":[{"name":"wp","href":"https:\/\/api.w.org\/{rel}","templated":true}]}}