{"id":24,"date":"2024-02-27T17:50:59","date_gmt":"2024-02-27T17:50:59","guid":{"rendered":"https:\/\/globalvendor.com.mx\/?page_id=24"},"modified":"2024-02-27T17:50:59","modified_gmt":"2024-02-27T17:50:59","slug":"services","status":"publish","type":"page","link":"https:\/\/globalvendor.com.mx\/?page_id=24","title":{"rendered":"SERVICES"},"content":{"rendered":"\n<p><\/p>\n\n\n\n<p>GLOBAL VENDOR LTD was founded to assist and foster business deals between foreign companies and Mexican enterprises, looking for a synergy. Our customers are producers, manufacturers, importers, exporters, investors, buyers, Chemical companies, agricultural commodities enterprises, agents, and worldwide societies. In the same way, we have developed in depth knowledge of our clients operation and value the relationship that enjoys.<\/p>\n\n\n\n<p>Also, we provide logistics and Customs customized services to move cargo all over the world, and support to import and export of several products, and we guarantee the best services.<\/p>\n\n\n\n<p>The goal of our international divisions is to provide a meaningful service to get better business and tax breaks to our regular customers and new customers, increasing the money and diminishing the time. In addition, in Mexico we offer a red-carpet service, which includes business match between sellers, buyers, agents, manufacturers, and entrepreneurs.<\/p>\n\n\n\n<p>According to the orders and\/or quotations we receive from many parts of the world, we check availability, price and shipping procedures ensuring this way our customers get the best deal when doing business through us. We assist our customers in all the steps to get the products they want and while they may be thousands of miles away from the wholesalers, they are purchasing from, we are just around the corner \u2013 it is like having a local office in Mexico.<\/p>\n\n\n\n<p>In addition, we advise to our clients regarding the procedural pathways in Mexico, and we provide them key information related investment and current legislation to do a business in our country.<\/p>\n\n\n\n<p>Moreover, we promote the joint ventures to develop projects and assist to our clients in every moment.<\/p>\n\n\n\n<p>Litigation and practices<\/p>\n\n\n\n<p>We provide to our clients support and assistance in litigation. As consultants to the commercial sector, our clients call on us to protect their interests when disputes and rely on us to resolve them.<\/p>\n\n\n\n<p>We are committed with the excellence!<\/p>\n\n\n\n<p>Our firm work on litigation facing our business clients, including:<\/p>\n\n\n\n<p>Corporate &amp; investment ruling<\/p>\n\n\n\n<p>labor &amp; employment claims, union labors<\/p>\n\n\n\n<p>securities &amp; corporate governance<\/p>\n\n\n\n<p>contracts &amp; agreements<\/p>\n\n\n\n<p>Government premises and personal injury claims<\/p>\n\n\n\n<p>trade secrets &amp; intellectual property<\/p>\n\n\n\n<p>insurance &amp; reinsurance<\/p>\n\n\n\n<p><strong>\u670d<\/strong><strong>\u52a1<\/strong><strong><\/strong><\/p>\n\n\n\n<p><strong>GLOBAL VENDOR LTD <\/strong><strong>\u7684\u6210\u7acb\u65e8\u5728<\/strong><strong>\u534f\u52a9\u548c\u4fc3\u8fdb\u5916\u56fd\u516c\u53f8\u4e0e\u58a8\u897f\u54e5\u4f01\u4e1a\u4e4b\u95f4\u7684\u5546\u4e1a\u4ea4\u6613\uff0c\u5bfb\u6c42\u534f\u540c\u6548\u5e94\u3002<\/strong><strong> <\/strong><strong>\u6211<\/strong><strong>\u4eec\u7684\u5ba2\u6237\u662f\u751f\u4ea7\u5546\u3001\u5236\u9020\u5546\u3001\u8fdb\u53e3\u5546\u3001\u51fa\u53e3\u5546\u3001\u6295\u8d44\u8005\u3001\u91c7\u8d2d\u5546\u3001\u5316\u5de5\u516c\u53f8\u3001\u519c\u4ea7\u54c1\u4f01\u4e1a\u3001\u4ee3\u7406\u5546\u548c\u5168\u7403\u793e\u4f1a\u3002<\/strong><strong> <\/strong><strong>\u540c<\/strong><strong>\u6837\uff0c\u6211\u4eec\u5bf9\u5ba2\u6237\u7684\u8fd0\u8425\u6709\u4e86\u6df1\u5165\u7684\u4e86\u89e3\uff0c\u5e76\u91cd\u89c6\u6240\u4eab\u53d7\u7684\u5173\u7cfb\u3002<\/strong><\/p>\n\n\n\n<p><strong>\u6211<\/strong><strong>\u4eec\u8fd8\u63d0\u4f9b\u7269\u6d41\u548c\u6d77\u5173\u5b9a\u5236\u670d\u52a1\uff0c\u5c06\u8d27\u7269\u8fd0\u5f80\u4e16\u754c\u5404\u5730\uff0c\u652f\u6301\u591a\u79cd\u4ea7\u54c1\u7684\u8fdb\u51fa\u53e3\uff0c\u6211\u4eec\u4fdd\u8bc1\u6700\u597d\u7684\u670d\u52a1<\/strong><strong><\/strong><\/p>\n\n\n\n<p><strong>\u6211<\/strong><strong>\u4eec\u56fd\u9645\u90e8\u95e8\u7684\u76ee\u6807\u662f\u63d0\u4f9b\u6709\u610f\u4e49\u7684\u670d\u52a1\uff0c\u4e3a\u6211\u4eec\u7684\u8001\u5ba2\u6237\u548c\u65b0\u5ba2\u6237\u63d0\u4f9b\u66f4\u597d\u7684\u4e1a\u52a1\u548c\u7a0e\u6536\u51cf\u514d\uff0c\u589e\u52a0\u8d44\u91d1\u5e76\u51cf\u5c11\u65f6\u95f4\u3002<\/strong><strong> <\/strong><strong>\u6b64\u5916\uff0c\u5728\u58a8\u897f\u54e5\uff0c\u6211<\/strong><strong>\u4eec\u63d0\u4f9b\u7ea2\u5730\u6bef\u670d\u52a1\uff0c\u5176\u4e2d\u5305\u62ec\u5356\u5bb6\u3001\u4e70\u5bb6\u3001\u4ee3\u7406\u5546\u3001\u5236\u9020\u5546\u548c\u4f01\u4e1a\u5bb6\u4e4b\u95f4\u7684\u5546\u4e1a\u5339\u914d\u3002<\/strong><strong><\/strong><\/p>\n\n\n\n<p><strong>\u6839\u636e\u6211<\/strong><strong>\u4eec\u4ece\u4e16\u754c\u8bb8\u591a\u5730\u65b9\u6536\u5230\u7684\u8ba2\u5355\u548c<\/strong><strong>\/<\/strong><strong>\u6216<\/strong><strong>\u62a5\u4ef7\uff0c\u6211\u4eec\u68c0\u67e5\u53ef\u7528\u6027\u3001\u4ef7\u683c\u548c\u8fd0\u8f93\u7a0b\u5e8f\uff0c\u786e\u4fdd\u6211\u4eec\u7684\u5ba2\u6237\u5728\u901a\u8fc7\u6211\u4eec\u5f00\u5c55\u4e1a\u52a1\u65f6\u83b7\u5f97\u6700\u4f18\u60e0\u7684\u4ef7\u683c\u3002<\/strong><strong> <\/strong><strong>\u6211<\/strong><strong>\u4eec\u534f\u52a9\u6211\u4eec\u7684\u5ba2\u6237\u5b8c\u6210\u6240\u6709\u6b65\u9aa4\u4ee5\u83b7\u5f97\u4ed6\u4eec\u60f3\u8981\u7684\u4ea7\u54c1\uff0c\u867d\u7136\u4ed6\u4eec\u53ef\u80fd\u8ddd\u79bb\u6279\u53d1\u5546\u6570\u5343\u82f1\u91cc\uff0c\u4f46\u4ed6\u4eec\u4ece\u6211\u4eec\u90a3\u91cc\u91c7\u8d2d\uff0c\u6211\u4eec\u5c31\u5728\u9644\u8fd1<\/strong><strong>\u2014\u2014<\/strong><strong>\u8fd9\u5c31\u50cf\u5728\u58a8\u897f\u54e5\u6709\u4e00\u4e2a\u5f53\u5730\u529e\u4e8b\u5904\u3002<\/strong><strong><\/strong><\/p>\n\n\n\n<p><strong>\u6b64\u5916\uff0c\u6211<\/strong><strong>\u4eec\u5c31\u58a8\u897f\u54e5\u7684\u7a0b\u5e8f\u9014\u5f84\u5411\u6211\u4eec\u7684\u5ba2\u6237\u63d0\u4f9b\u5efa\u8bae\uff0c\u5e76\u5411\u4ed6\u4eec\u63d0\u4f9b\u5728\u6211\u4eec\u56fd\u5bb6\u5f00\u5c55\u4e1a\u52a1\u7684\u76f8\u5173\u6295\u8d44\u548c\u73b0\u884c\u7acb\u6cd5\u7684\u5173\u952e\u4fe1\u606f\u3002<\/strong><strong><\/strong><\/p>\n\n\n\n<p><strong>\u6b64\u5916\uff0c\u6211<\/strong><strong>\u4eec<\/strong><strong>\u4fc3<\/strong><strong>\u8fdb\u5408\u8d44\u4f01\u4e1a\u5f00\u53d1\u9879\u76ee\uff0c\u65f6\u523b\u4e3a\u6211\u4eec\u7684\u5ba2\u6237\u63d0\u4f9b\u5e2e\u52a9<\/strong>\u3002<\/p>\n\n\n\n<p><strong>\u8bc9\u8bbc\u4e0e\u5b9e\u8df5<\/strong><strong><\/strong><\/p>\n\n\n\n<p><strong>\u6211<\/strong><strong>\u4eec\u4e3a\u5ba2\u6237\u63d0\u4f9b\u8bc9\u8bbc\u652f\u6301\u548c\u534f\u52a9\u3002<\/strong><strong> <\/strong><strong>\u4f5c<\/strong><strong>\u4e3a\u5546\u4e1a\u9886\u57df\u7684\u987e\u95ee\uff0c\u6211\u4eec\u7684\u5ba2\u6237\u5728\u53d1\u751f\u7ea0\u7eb7\u65f6\u547c\u5401\u6211\u4eec\u4fdd\u62a4\u4ed6\u4eec\u7684\u5229\u76ca\uff0c\u5e76\u4f9d\u9760\u6211\u4eec\u6765\u89e3\u51b3\u95ee\u9898\u3002<\/strong><strong><\/strong><\/p>\n\n\n\n<p><strong>\u6211<\/strong><strong>\u4eec\u81f4\u529b\u4e8e\u5353\u8d8a\uff01<\/strong><strong><\/strong><\/p>\n\n\n\n<p><strong>\u6211<\/strong><strong>\u4eec\u516c\u53f8\u81f4\u529b\u4e8e\u5904\u7406\u5546\u4e1a\u5ba2\u6237\u9762\u4e34\u7684\u8bc9\u8bbc\uff0c\u5305\u62ec\uff1a<\/strong><strong><\/strong><\/p>\n\n\n\n<p><strong>\u516c\u53f8\u4e0e\u6295<\/strong><strong>\u8d44\u88c1\u51b3<\/strong><strong><\/strong><\/p>\n\n\n\n<p><strong>\u52b3\u5de5\u548c\u5c31\u4e1a\u7d22\u8d54\u3001\u5de5\u4f1a\u52b3\u5de5<\/strong><strong><\/strong><\/p>\n\n\n\n<p><strong>\u8bc1\u5238\u4e0e\u516c\u53f8\u6cbb\u7406<\/strong><strong><\/strong><\/p>\n\n\n\n<p><strong>\u5408\u540c\u548c<\/strong><strong>\u534f\u8bae<\/strong><strong><\/strong><\/p>\n\n\n\n<p><strong>\u653f\u5e9c<\/strong><strong>\u573a\u6240\u548c\u4eba\u8eab\u4f24\u5bb3\u7d22\u8d54<\/strong><strong><\/strong><\/p>\n\n\n\n<p><strong>\u5546<\/strong><strong>\u4e1a\u79d8\u5bc6\u548c\u77e5\u8bc6\u4ea7\u6743<\/strong><strong><\/strong><\/p>\n\n\n\n<p><strong>\u4fdd<\/strong><strong>\u9669\u4e0e\u518d\u4fdd\u9669<\/strong><\/p>\n\n\n\n<p>DIENSTLEISTUNGEN<\/p>\n\n\n\n<p>GLOBAL VENDOR LTD wurde gegr\u00fcndet, um Gesch\u00e4ftsabschl\u00fcsse zwischen ausl\u00e4ndischen Unternehmen und mexikanischen Unternehmen zu unterst\u00fctzen und zu f\u00f6rdern und nach Synergien zu suchen. Unsere Kunden sind Produzenten, Hersteller, Importeure, Exporteure, Investoren, K\u00e4ufer, Chemieunternehmen, Agrarrohstoffunternehmen, Agenten und weltweite Gesellschaften. Auf die gleiche Weise haben wir uns ein tiefes Wissen \u00fcber die Arbeitsweise unserer Kunden angeeignet und sch\u00e4tzen die Beziehung, die sie genie\u00dfen.<\/p>\n\n\n\n<p>Au\u00dferdem bieten wir kundenspezifische Logistik- und Zolldienste f\u00fcr den Transport von Fracht in die ganze Welt sowie Unterst\u00fctzung beim Import und Export verschiedener Produkte und garantieren den besten Service<\/p>\n\n\n\n<p>Das Ziel unserer internationalen Abteilungen ist es, unseren Stammkunden und Neukunden einen sinnvollen Service zu bieten, um bessere Gesch\u00e4fts- und Steuerverg\u00fcnstigungen zu erzielen, das Geld zu erh\u00f6hen und die Zeit zu verk\u00fcrzen. Dar\u00fcber hinaus bieten wir in Mexiko einen Red-Carpet-Service an, der den Gesch\u00e4ftsabgleich zwischen Verk\u00e4ufern, K\u00e4ufern, Agenten, Herstellern und Unternehmern umfasst.<\/p>\n\n\n\n<p>Gem\u00e4\u00df den Bestellungen und\/oder Angeboten, die wir aus vielen Teilen der Welt erhalten, pr\u00fcfen wir Verf\u00fcgbarkeit, Preis und Versandverfahren, um sicherzustellen, dass unsere Kunden auf diese Weise das beste Angebot erhalten, wenn sie \u00fcber uns Gesch\u00e4fte machen. Wir unterst\u00fctzen unsere Kunden bei allen Schritten, um die gew\u00fcnschten Produkte zu erhalten, und obwohl sie m\u00f6glicherweise Tausende von Kilometern von den Gro\u00dfh\u00e4ndlern entfernt sind, bei denen sie einkaufen, sind wir gleich um die Ecke \u2013 es ist, als h\u00e4tten wir ein lokales B\u00fcro in Mexiko.<\/p>\n\n\n\n<p>Dar\u00fcber hinaus beraten wir unsere Kunden bez\u00fcglich der Verfahrenswege in Mexiko und stellen ihnen wichtige Informationen zu Investitionen und der aktuellen Gesetzgebung zur Verf\u00fcgung, um in unserem Land Gesch\u00e4fte zu machen.<\/p>\n\n\n\n<p>Dar\u00fcber hinaus f\u00f6rdern wir die Joint Ventures, um Projekte zu entwickeln und unsere Kunden in jedem Moment zu unterst\u00fctzen<\/p>\n\n\n\n<p>&nbsp;Rechtsstreitigkeiten und Praktiken<\/p>\n\n\n\n<p>Wir bieten unseren Mandanten Unterst\u00fctzung und Unterst\u00fctzung bei Rechtsstreitigkeiten. Als Berater der gewerblichen Wirtschaft fordern unsere Mandanten von uns die Wahrung ihrer Interessen bei Streitigkeiten und vertrauen darauf, dass wir sie beilegen.<\/p>\n\n\n\n<p>Wir sind der Exzellenz verpflichtet!<\/p>\n\n\n\n<p>Unsere Kanzlei befasst sich mit Rechtsstreitigkeiten, mit denen unsere Gesch\u00e4ftskunden konfrontiert sind, darunter:<\/p>\n\n\n\n<p>Unternehmens- und Investitionsentscheidungen<\/p>\n\n\n\n<p>Arbeits- und Besch\u00e4ftigungsanspr\u00fcche, Gewerkschaftsarbeit<\/p>\n\n\n\n<p>Wertpapiere und Corporate Governance<\/p>\n\n\n\n<p>Vertr\u00e4ge und Vereinbarungen<\/p>\n\n\n\n<p>Anspr\u00fcche aus Regierungsgeb\u00e4uden und Personensch\u00e4den<\/p>\n\n\n\n<p>Gesch\u00e4ftsgeheimnisse und geistiges Eigentum<\/p>\n\n\n\n<p>Versicherung und R\u00fcckversicherung<\/p>\n","protected":false},"excerpt":{"rendered":"<p>GLOBAL VENDOR LTD was founded to assist and foster business deals between foreign companies and Mexican enterprises, looking for a synergy. Our customers are producers, manufacturers, importers, exporters, investors, buyers, Chemical companies, agricultural commodities enterprises, agents, and worldwide societies. In the same way, we have developed in depth knowledge of our clients operation and value [&hellip;]<\/p>\n","protected":false},"author":1,"featured_media":0,"parent":0,"menu_order":0,"comment_status":"closed","ping_status":"closed","template":"","meta":{"footnotes":""},"class_list":["post-24","page","type-page","status-publish","hentry"],"_links":{"self":[{"href":"https:\/\/globalvendor.com.mx\/index.php?rest_route=\/wp\/v2\/pages\/24","targetHints":{"allow":["GET"]}}],"collection":[{"href":"https:\/\/globalvendor.com.mx\/index.php?rest_route=\/wp\/v2\/pages"}],"about":[{"href":"https:\/\/globalvendor.com.mx\/index.php?rest_route=\/wp\/v2\/types\/page"}],"author":[{"embeddable":true,"href":"https:\/\/globalvendor.com.mx\/index.php?rest_route=\/wp\/v2\/users\/1"}],"replies":[{"embeddable":true,"href":"https:\/\/globalvendor.com.mx\/index.php?rest_route=%2Fwp%2Fv2%2Fcomments&post=24"}],"version-history":[{"count":1,"href":"https:\/\/globalvendor.com.mx\/index.php?rest_route=\/wp\/v2\/pages\/24\/revisions"}],"predecessor-version":[{"id":25,"href":"https:\/\/globalvendor.com.mx\/index.php?rest_route=\/wp\/v2\/pages\/24\/revisions\/25"}],"wp:attachment":[{"href":"https:\/\/globalvendor.com.mx\/index.php?rest_route=%2Fwp%2Fv2%2Fmedia&parent=24"}],"curies":[{"name":"wp","href":"https:\/\/api.w.org\/{rel}","templated":true}]}}